{"id":545,"date":"2019-11-20T13:13:08","date_gmt":"2019-11-20T10:13:08","guid":{"rendered":"https:\/\/pikemsoprus.ee\/?page_id=545"},"modified":"2019-12-09T02:32:29","modified_gmt":"2019-12-08T23:32:29","slug":"media","status":"publish","type":"page","link":"https:\/\/pikemsoprus.ee\/en\/media\/","title":{"rendered":"Media"},"content":{"rendered":"<p><a href=\"https:\/\/menu.err.ee\/978259\/rain-vaana-meestel-kaob-eesnaarme-testi-jutu-peale-pilt-taiesti-eest-ara\" target=\"_blank\" rel=\"noopener noreferrer\">Pikema S\u00f5pruse P\u00e4evast &#8220;Hommik Anuga&#8221; saates<\/a><\/p>\n<p><a href=\"https:\/\/epl.delfi.ee\/lp\/mehed-moelge-oma-tervisele-moelge-koos-sopradega?id=86653723\" target=\"_blank\" rel=\"noopener noreferrer\">Mehed, m\u00f5elge oma tervisele! M\u00f5elge koos s\u00f5pradega.<\/a><\/p>\n<p><a href=\"https:\/\/arhiiv.err.ee\/vaata\/ringvaade-1849\" target=\"_blank\" rel=\"noopener noreferrer\">Ringvaate meespere tervisekontrollis<\/a> (saatel\u00f5ik alates 22:30)<\/p>\n<p><a href=\"https:\/\/www.aripaev.ee\/raadio\/episood\/mitu-sunnipaeva-on-eesti-mehel\" target=\"_blank\" rel=\"noopener noreferrer\">Mitu s\u00fcnnip\u00e4eva on Eesti mehel? <\/a>Rain V\u00e4\u00e4na ja Haigekassa juht Rain Laane r\u00e4\u00e4givad saates, mis Eesti meestele muret teeb ja miks v\u00f5iks tugev mees ka enda eest hoolitseda.<\/p>\n<p><a href=\"https:\/\/etv.err.ee\/1000429\/terevisioon\" target=\"_blank\" rel=\"noopener noreferrer\">Esimesed kokkuv\u00f5tted juba tervisekontrollis k\u00e4inud meeste anal\u00fc\u00fcside tulemustest Terevisioonis<\/a> (vaata intervjuud alates 1:25:25)<\/p>\n","protected":false},"excerpt":{"rendered":"<p>Pikema S\u00f5pruse P\u00e4evast &#8220;Hommik Anuga&#8221; saates Mehed, m\u00f5elge oma tervisele! M\u00f5elge koos s\u00f5pradega. Ringvaate meespere tervisekontrollis (saatel\u00f5ik alates 22:30) Mitu s\u00fcnnip\u00e4eva on Eesti mehel? Rain V\u00e4\u00e4na ja Haigekassa juht Rain Laane r\u00e4\u00e4givad saates, mis Eesti meestele muret teeb ja miks v\u00f5iks tugev mees ka enda eest hoolitseda. Esimesed kokkuv\u00f5tted juba tervisekontrollis k\u00e4inud meeste anal\u00fc\u00fcside tulemustest [&hellip;]<\/p>\n","protected":false},"author":446,"featured_media":0,"parent":0,"menu_order":0,"comment_status":"closed","ping_status":"closed","template":"","meta":{"_acf_changed":false,"footnotes":""},"class_list":["post-545","page","type-page","status-publish","hentry"],"acf":[],"yoast_head":"<!-- This site is optimized with the Yoast SEO plugin v27.3 - https:\/\/yoast.com\/product\/yoast-seo-wordpress\/ -->\n<title>Media - Pikema S\u00f5pruse P\u00e4ev<\/title>\n<meta name=\"robots\" content=\"index, follow, max-snippet:-1, max-image-preview:large, max-video-preview:-1\" \/>\n<link rel=\"canonical\" href=\"https:\/\/pikemsoprus.ee\/en\/media\/\" \/>\n<meta property=\"og:locale\" content=\"en_US\" \/>\n<meta property=\"og:type\" content=\"article\" \/>\n<meta property=\"og:title\" content=\"Media - Pikema S\u00f5pruse P\u00e4ev\" \/>\n<meta property=\"og:description\" content=\"Pikema S\u00f5pruse P\u00e4evast &#8220;Hommik Anuga&#8221; saates Mehed, m\u00f5elge oma tervisele! M\u00f5elge koos s\u00f5pradega. Ringvaate meespere tervisekontrollis (saatel\u00f5ik alates 22:30) Mitu s\u00fcnnip\u00e4eva on Eesti mehel? Rain V\u00e4\u00e4na ja Haigekassa juht Rain Laane r\u00e4\u00e4givad saates, mis Eesti meestele muret teeb ja miks v\u00f5iks tugev mees ka enda eest hoolitseda. Esimesed kokkuv\u00f5tted juba tervisekontrollis k\u00e4inud meeste anal\u00fc\u00fcside tulemustest [&hellip;]\" \/>\n<meta property=\"og:url\" content=\"https:\/\/pikemsoprus.ee\/en\/media\/\" \/>\n<meta property=\"og:site_name\" content=\"Pikema S\u00f5pruse P\u00e4ev\" \/>\n<meta property=\"article:publisher\" content=\"https:\/\/www.facebook.com\/pikemsoprus\/\" \/>\n<meta property=\"article:modified_time\" content=\"2019-12-08T23:32:29+00:00\" \/>\n<meta property=\"og:image\" content=\"https:\/\/pikemsoprus.ee\/wp-content\/uploads\/2019\/11\/Screenshot-2019-11-11-at-14.33.51.png\" \/>\n\t<meta property=\"og:image:width\" content=\"725\" \/>\n\t<meta property=\"og:image:height\" content=\"341\" \/>\n\t<meta property=\"og:image:type\" content=\"image\/png\" \/>\n<meta name=\"twitter:card\" content=\"summary_large_image\" \/>\n<script type=\"application\/ld+json\" class=\"yoast-schema-graph\">{\"@context\":\"https:\\\/\\\/schema.org\",\"@graph\":[{\"@type\":\"WebPage\",\"@id\":\"https:\\\/\\\/pikemsoprus.ee\\\/en\\\/media\\\/\",\"url\":\"https:\\\/\\\/pikemsoprus.ee\\\/en\\\/media\\\/\",\"name\":\"Media - Pikema S\u00f5pruse P\u00e4ev\",\"isPartOf\":{\"@id\":\"https:\\\/\\\/pikemsoprus.ee\\\/en\\\/#website\"},\"datePublished\":\"2019-11-20T10:13:08+00:00\",\"dateModified\":\"2019-12-08T23:32:29+00:00\",\"breadcrumb\":{\"@id\":\"https:\\\/\\\/pikemsoprus.ee\\\/en\\\/media\\\/#breadcrumb\"},\"inLanguage\":\"en-US\",\"potentialAction\":[{\"@type\":\"ReadAction\",\"target\":[\"https:\\\/\\\/pikemsoprus.ee\\\/en\\\/media\\\/\"]}]},{\"@type\":\"BreadcrumbList\",\"@id\":\"https:\\\/\\\/pikemsoprus.ee\\\/en\\\/media\\\/#breadcrumb\",\"itemListElement\":[{\"@type\":\"ListItem\",\"position\":1,\"name\":\"Home\",\"item\":\"https:\\\/\\\/pikemsoprus.ee\\\/en\\\/\"},{\"@type\":\"ListItem\",\"position\":2,\"name\":\"Media\"}]},{\"@type\":\"WebSite\",\"@id\":\"https:\\\/\\\/pikemsoprus.ee\\\/en\\\/#website\",\"url\":\"https:\\\/\\\/pikemsoprus.ee\\\/en\\\/\",\"name\":\"Pikema S\u00f5pruse P\u00e4ev\",\"description\":\"Hoolime meeste tervisest!\",\"publisher\":{\"@id\":\"https:\\\/\\\/pikemsoprus.ee\\\/en\\\/#organization\"},\"potentialAction\":[{\"@type\":\"SearchAction\",\"target\":{\"@type\":\"EntryPoint\",\"urlTemplate\":\"https:\\\/\\\/pikemsoprus.ee\\\/en\\\/?s={search_term_string}\"},\"query-input\":{\"@type\":\"PropertyValueSpecification\",\"valueRequired\":true,\"valueName\":\"search_term_string\"}}],\"inLanguage\":\"en-US\"},{\"@type\":\"Organization\",\"@id\":\"https:\\\/\\\/pikemsoprus.ee\\\/en\\\/#organization\",\"name\":\"Pikema S\u00f5pruse P\u00e4ev\",\"url\":\"https:\\\/\\\/pikemsoprus.ee\\\/en\\\/\",\"logo\":{\"@type\":\"ImageObject\",\"inLanguage\":\"en-US\",\"@id\":\"https:\\\/\\\/pikemsoprus.ee\\\/en\\\/#\\\/schema\\\/logo\\\/image\\\/\",\"url\":\"https:\\\/\\\/pikemsoprus.ee\\\/wp-content\\\/uploads\\\/2024\\\/10\\\/Pikema_Sopruse_Paev_logo.svg\",\"contentUrl\":\"https:\\\/\\\/pikemsoprus.ee\\\/wp-content\\\/uploads\\\/2024\\\/10\\\/Pikema_Sopruse_Paev_logo.svg\",\"width\":768,\"height\":768,\"caption\":\"Pikema S\u00f5pruse P\u00e4ev\"},\"image\":{\"@id\":\"https:\\\/\\\/pikemsoprus.ee\\\/en\\\/#\\\/schema\\\/logo\\\/image\\\/\"},\"sameAs\":[\"https:\\\/\\\/www.facebook.com\\\/pikemsoprus\\\/\",\"https:\\\/\\\/www.instagram.com\\\/pikemsoprus\\\/\"]}]}<\/script>\n<!-- \/ Yoast SEO plugin. -->","yoast_head_json":{"title":"Media - Pikema S\u00f5pruse P\u00e4ev","robots":{"index":"index","follow":"follow","max-snippet":"max-snippet:-1","max-image-preview":"max-image-preview:large","max-video-preview":"max-video-preview:-1"},"canonical":"https:\/\/pikemsoprus.ee\/en\/media\/","og_locale":"en_US","og_type":"article","og_title":"Media - Pikema S\u00f5pruse P\u00e4ev","og_description":"Pikema S\u00f5pruse P\u00e4evast &#8220;Hommik Anuga&#8221; saates Mehed, m\u00f5elge oma tervisele! M\u00f5elge koos s\u00f5pradega. Ringvaate meespere tervisekontrollis (saatel\u00f5ik alates 22:30) Mitu s\u00fcnnip\u00e4eva on Eesti mehel? Rain V\u00e4\u00e4na ja Haigekassa juht Rain Laane r\u00e4\u00e4givad saates, mis Eesti meestele muret teeb ja miks v\u00f5iks tugev mees ka enda eest hoolitseda. Esimesed kokkuv\u00f5tted juba tervisekontrollis k\u00e4inud meeste anal\u00fc\u00fcside tulemustest [&hellip;]","og_url":"https:\/\/pikemsoprus.ee\/en\/media\/","og_site_name":"Pikema S\u00f5pruse P\u00e4ev","article_publisher":"https:\/\/www.facebook.com\/pikemsoprus\/","article_modified_time":"2019-12-08T23:32:29+00:00","og_image":[{"width":725,"height":341,"url":"https:\/\/pikemsoprus.ee\/wp-content\/uploads\/2019\/11\/Screenshot-2019-11-11-at-14.33.51.png","type":"image\/png"}],"twitter_card":"summary_large_image","schema":{"@context":"https:\/\/schema.org","@graph":[{"@type":"WebPage","@id":"https:\/\/pikemsoprus.ee\/en\/media\/","url":"https:\/\/pikemsoprus.ee\/en\/media\/","name":"Media - Pikema S\u00f5pruse P\u00e4ev","isPartOf":{"@id":"https:\/\/pikemsoprus.ee\/en\/#website"},"datePublished":"2019-11-20T10:13:08+00:00","dateModified":"2019-12-08T23:32:29+00:00","breadcrumb":{"@id":"https:\/\/pikemsoprus.ee\/en\/media\/#breadcrumb"},"inLanguage":"en-US","potentialAction":[{"@type":"ReadAction","target":["https:\/\/pikemsoprus.ee\/en\/media\/"]}]},{"@type":"BreadcrumbList","@id":"https:\/\/pikemsoprus.ee\/en\/media\/#breadcrumb","itemListElement":[{"@type":"ListItem","position":1,"name":"Home","item":"https:\/\/pikemsoprus.ee\/en\/"},{"@type":"ListItem","position":2,"name":"Media"}]},{"@type":"WebSite","@id":"https:\/\/pikemsoprus.ee\/en\/#website","url":"https:\/\/pikemsoprus.ee\/en\/","name":"Pikema S\u00f5pruse P\u00e4ev","description":"Hoolime meeste tervisest!","publisher":{"@id":"https:\/\/pikemsoprus.ee\/en\/#organization"},"potentialAction":[{"@type":"SearchAction","target":{"@type":"EntryPoint","urlTemplate":"https:\/\/pikemsoprus.ee\/en\/?s={search_term_string}"},"query-input":{"@type":"PropertyValueSpecification","valueRequired":true,"valueName":"search_term_string"}}],"inLanguage":"en-US"},{"@type":"Organization","@id":"https:\/\/pikemsoprus.ee\/en\/#organization","name":"Pikema S\u00f5pruse P\u00e4ev","url":"https:\/\/pikemsoprus.ee\/en\/","logo":{"@type":"ImageObject","inLanguage":"en-US","@id":"https:\/\/pikemsoprus.ee\/en\/#\/schema\/logo\/image\/","url":"https:\/\/pikemsoprus.ee\/wp-content\/uploads\/2024\/10\/Pikema_Sopruse_Paev_logo.svg","contentUrl":"https:\/\/pikemsoprus.ee\/wp-content\/uploads\/2024\/10\/Pikema_Sopruse_Paev_logo.svg","width":768,"height":768,"caption":"Pikema S\u00f5pruse P\u00e4ev"},"image":{"@id":"https:\/\/pikemsoprus.ee\/en\/#\/schema\/logo\/image\/"},"sameAs":["https:\/\/www.facebook.com\/pikemsoprus\/","https:\/\/www.instagram.com\/pikemsoprus\/"]}]}},"_links":{"self":[{"href":"https:\/\/pikemsoprus.ee\/en\/wp-json\/wp\/v2\/pages\/545","targetHints":{"allow":["GET"]}}],"collection":[{"href":"https:\/\/pikemsoprus.ee\/en\/wp-json\/wp\/v2\/pages"}],"about":[{"href":"https:\/\/pikemsoprus.ee\/en\/wp-json\/wp\/v2\/types\/page"}],"author":[{"embeddable":true,"href":"https:\/\/pikemsoprus.ee\/en\/wp-json\/wp\/v2\/users\/446"}],"replies":[{"embeddable":true,"href":"https:\/\/pikemsoprus.ee\/en\/wp-json\/wp\/v2\/comments?post=545"}],"version-history":[{"count":3,"href":"https:\/\/pikemsoprus.ee\/en\/wp-json\/wp\/v2\/pages\/545\/revisions"}],"predecessor-version":[{"id":582,"href":"https:\/\/pikemsoprus.ee\/en\/wp-json\/wp\/v2\/pages\/545\/revisions\/582"}],"wp:attachment":[{"href":"https:\/\/pikemsoprus.ee\/en\/wp-json\/wp\/v2\/media?parent=545"}],"curies":[{"name":"wp","href":"https:\/\/api.w.org\/{rel}","templated":true}]}}