{"id":12,"date":"2019-11-01T08:47:37","date_gmt":"2019-11-01T08:47:37","guid":{"rendered":"https:\/\/pikemsoprus.ee\/?page_id=12"},"modified":"2025-07-21T10:09:16","modified_gmt":"2025-07-21T07:09:16","slug":"esileht","status":"publish","type":"page","link":"https:\/\/pikemsoprus.ee\/et\/","title":{"rendered":"Esileht"},"content":{"rendered":"","protected":false},"excerpt":{"rendered":"","protected":false},"author":446,"featured_media":1972,"parent":0,"menu_order":0,"comment_status":"closed","ping_status":"closed","template":"templates\/frontpage.php","meta":{"_acf_changed":false,"footnotes":""},"class_list":["post-12","page","type-page","status-publish","has-post-thumbnail","hentry"],"acf":[],"yoast_head":"<!-- This site is optimized with the Yoast SEO plugin v27.3 - https:\/\/yoast.com\/product\/yoast-seo-wordpress\/ -->\n<title>Esileht - Pikema S\u00f5pruse P\u00e4ev<\/title>\n<meta name=\"description\" content=\"Pikema s\u00f5pruse p\u00e4eva eesm\u00e4rk on panna mehed iseendast rohkem hoolima ning oma tervist regulaarselt kontrollima. Nii saab elada rohkem aastaid tervena, olla \u00f5nnelikum isa, s\u00f5ber veel pikkadeks aastateks, vanaisa, kes n\u00e4eb ka lapselapsi.\" \/>\n<meta name=\"robots\" content=\"index, follow, max-snippet:-1, max-image-preview:large, max-video-preview:-1\" \/>\n<link rel=\"canonical\" href=\"https:\/\/pikemsoprus.ee\/et\/\" \/>\n<meta property=\"og:locale\" content=\"et_EE\" \/>\n<meta property=\"og:type\" content=\"article\" \/>\n<meta property=\"og:title\" content=\"Esileht - Pikema S\u00f5pruse P\u00e4ev\" \/>\n<meta property=\"og:description\" content=\"Pikema s\u00f5pruse p\u00e4eva eesm\u00e4rk on panna mehed iseendast rohkem hoolima ning oma tervist regulaarselt kontrollima. Nii saab elada rohkem aastaid tervena, olla \u00f5nnelikum isa, s\u00f5ber veel pikkadeks aastateks, vanaisa, kes n\u00e4eb ka lapselapsi.\" \/>\n<meta property=\"og:url\" content=\"https:\/\/pikemsoprus.ee\/et\/\" \/>\n<meta property=\"og:site_name\" content=\"Pikema S\u00f5pruse P\u00e4ev\" \/>\n<meta property=\"article:publisher\" content=\"https:\/\/www.facebook.com\/pikemsoprus\/\" \/>\n<meta property=\"article:modified_time\" content=\"2025-07-21T07:09:16+00:00\" \/>\n<meta property=\"og:image\" content=\"https:\/\/pikemsoprus.ee\/wp-content\/uploads\/2024\/10\/1200x630.jpg\" \/>\n\t<meta property=\"og:image:width\" content=\"1200\" \/>\n\t<meta property=\"og:image:height\" content=\"630\" \/>\n\t<meta property=\"og:image:type\" content=\"image\/jpeg\" \/>\n<meta name=\"twitter:card\" content=\"summary_large_image\" \/>\n<meta name=\"twitter:label1\" content=\"Est. reading time\" \/>\n\t<meta name=\"twitter:data1\" content=\"1 minut\" \/>\n<script type=\"application\/ld+json\" class=\"yoast-schema-graph\">{\"@context\":\"https:\\\/\\\/schema.org\",\"@graph\":[{\"@type\":\"WebPage\",\"@id\":\"https:\\\/\\\/pikemsoprus.ee\\\/et\\\/\",\"url\":\"https:\\\/\\\/pikemsoprus.ee\\\/et\\\/\",\"name\":\"Esileht - Pikema S\u00f5pruse P\u00e4ev\",\"isPartOf\":{\"@id\":\"https:\\\/\\\/pikemsoprus.ee\\\/et\\\/#website\"},\"primaryImageOfPage\":{\"@id\":\"https:\\\/\\\/pikemsoprus.ee\\\/et\\\/#primaryimage\"},\"image\":{\"@id\":\"https:\\\/\\\/pikemsoprus.ee\\\/et\\\/#primaryimage\"},\"thumbnailUrl\":\"https:\\\/\\\/pikemsoprus.ee\\\/wp-content\\\/uploads\\\/2024\\\/10\\\/1080x1080.png\",\"datePublished\":\"2019-11-01T08:47:37+00:00\",\"dateModified\":\"2025-07-21T07:09:16+00:00\",\"description\":\"Pikema s\u00f5pruse p\u00e4eva eesm\u00e4rk on panna mehed iseendast rohkem hoolima ning oma tervist regulaarselt kontrollima. Nii saab elada rohkem aastaid tervena, olla \u00f5nnelikum isa, s\u00f5ber veel pikkadeks aastateks, vanaisa, kes n\u00e4eb ka lapselapsi.\",\"breadcrumb\":{\"@id\":\"https:\\\/\\\/pikemsoprus.ee\\\/et\\\/#breadcrumb\"},\"inLanguage\":\"et\",\"potentialAction\":[{\"@type\":\"ReadAction\",\"target\":[\"https:\\\/\\\/pikemsoprus.ee\\\/et\\\/\"]}]},{\"@type\":\"ImageObject\",\"inLanguage\":\"et\",\"@id\":\"https:\\\/\\\/pikemsoprus.ee\\\/et\\\/#primaryimage\",\"url\":\"https:\\\/\\\/pikemsoprus.ee\\\/wp-content\\\/uploads\\\/2024\\\/10\\\/1080x1080.png\",\"contentUrl\":\"https:\\\/\\\/pikemsoprus.ee\\\/wp-content\\\/uploads\\\/2024\\\/10\\\/1080x1080.png\",\"width\":1080,\"height\":1080},{\"@type\":\"BreadcrumbList\",\"@id\":\"https:\\\/\\\/pikemsoprus.ee\\\/et\\\/#breadcrumb\",\"itemListElement\":[{\"@type\":\"ListItem\",\"position\":1,\"name\":\"Home\",\"item\":\"https:\\\/\\\/pikemsoprus.ee\\\/et\\\/\"},{\"@type\":\"ListItem\",\"position\":2,\"name\":\"Esileht\"}]},{\"@type\":\"WebSite\",\"@id\":\"https:\\\/\\\/pikemsoprus.ee\\\/et\\\/#website\",\"url\":\"https:\\\/\\\/pikemsoprus.ee\\\/et\\\/\",\"name\":\"Pikema S\u00f5pruse P\u00e4ev\",\"description\":\"Hoolime meeste tervisest!\",\"publisher\":{\"@id\":\"https:\\\/\\\/pikemsoprus.ee\\\/et\\\/#organization\"},\"potentialAction\":[{\"@type\":\"SearchAction\",\"target\":{\"@type\":\"EntryPoint\",\"urlTemplate\":\"https:\\\/\\\/pikemsoprus.ee\\\/et\\\/?s={search_term_string}\"},\"query-input\":{\"@type\":\"PropertyValueSpecification\",\"valueRequired\":true,\"valueName\":\"search_term_string\"}}],\"inLanguage\":\"et\"},{\"@type\":\"Organization\",\"@id\":\"https:\\\/\\\/pikemsoprus.ee\\\/et\\\/#organization\",\"name\":\"Pikema S\u00f5pruse P\u00e4ev\",\"url\":\"https:\\\/\\\/pikemsoprus.ee\\\/et\\\/\",\"logo\":{\"@type\":\"ImageObject\",\"inLanguage\":\"et\",\"@id\":\"https:\\\/\\\/pikemsoprus.ee\\\/et\\\/#\\\/schema\\\/logo\\\/image\\\/\",\"url\":\"https:\\\/\\\/pikemsoprus.ee\\\/wp-content\\\/uploads\\\/2024\\\/10\\\/Pikema_Sopruse_Paev_logo.svg\",\"contentUrl\":\"https:\\\/\\\/pikemsoprus.ee\\\/wp-content\\\/uploads\\\/2024\\\/10\\\/Pikema_Sopruse_Paev_logo.svg\",\"width\":768,\"height\":768,\"caption\":\"Pikema S\u00f5pruse P\u00e4ev\"},\"image\":{\"@id\":\"https:\\\/\\\/pikemsoprus.ee\\\/et\\\/#\\\/schema\\\/logo\\\/image\\\/\"},\"sameAs\":[\"https:\\\/\\\/www.facebook.com\\\/pikemsoprus\\\/\",\"https:\\\/\\\/www.instagram.com\\\/pikemsoprus\\\/\"]}]}<\/script>\n<!-- \/ Yoast SEO plugin. -->","yoast_head_json":{"title":"Esileht - Pikema S\u00f5pruse P\u00e4ev","description":"Pikema s\u00f5pruse p\u00e4eva eesm\u00e4rk on panna mehed iseendast rohkem hoolima ning oma tervist regulaarselt kontrollima. Nii saab elada rohkem aastaid tervena, olla \u00f5nnelikum isa, s\u00f5ber veel pikkadeks aastateks, vanaisa, kes n\u00e4eb ka lapselapsi.","robots":{"index":"index","follow":"follow","max-snippet":"max-snippet:-1","max-image-preview":"max-image-preview:large","max-video-preview":"max-video-preview:-1"},"canonical":"https:\/\/pikemsoprus.ee\/et\/","og_locale":"et_EE","og_type":"article","og_title":"Esileht - Pikema S\u00f5pruse P\u00e4ev","og_description":"Pikema s\u00f5pruse p\u00e4eva eesm\u00e4rk on panna mehed iseendast rohkem hoolima ning oma tervist regulaarselt kontrollima. Nii saab elada rohkem aastaid tervena, olla \u00f5nnelikum isa, s\u00f5ber veel pikkadeks aastateks, vanaisa, kes n\u00e4eb ka lapselapsi.","og_url":"https:\/\/pikemsoprus.ee\/et\/","og_site_name":"Pikema S\u00f5pruse P\u00e4ev","article_publisher":"https:\/\/www.facebook.com\/pikemsoprus\/","article_modified_time":"2025-07-21T07:09:16+00:00","og_image":[{"width":1200,"height":630,"url":"https:\/\/pikemsoprus.ee\/wp-content\/uploads\/2024\/10\/1200x630.jpg","type":"image\/jpeg"}],"twitter_card":"summary_large_image","twitter_misc":{"Est. reading time":"1 minut"},"schema":{"@context":"https:\/\/schema.org","@graph":[{"@type":"WebPage","@id":"https:\/\/pikemsoprus.ee\/et\/","url":"https:\/\/pikemsoprus.ee\/et\/","name":"Esileht - Pikema S\u00f5pruse P\u00e4ev","isPartOf":{"@id":"https:\/\/pikemsoprus.ee\/et\/#website"},"primaryImageOfPage":{"@id":"https:\/\/pikemsoprus.ee\/et\/#primaryimage"},"image":{"@id":"https:\/\/pikemsoprus.ee\/et\/#primaryimage"},"thumbnailUrl":"https:\/\/pikemsoprus.ee\/wp-content\/uploads\/2024\/10\/1080x1080.png","datePublished":"2019-11-01T08:47:37+00:00","dateModified":"2025-07-21T07:09:16+00:00","description":"Pikema s\u00f5pruse p\u00e4eva eesm\u00e4rk on panna mehed iseendast rohkem hoolima ning oma tervist regulaarselt kontrollima. Nii saab elada rohkem aastaid tervena, olla \u00f5nnelikum isa, s\u00f5ber veel pikkadeks aastateks, vanaisa, kes n\u00e4eb ka lapselapsi.","breadcrumb":{"@id":"https:\/\/pikemsoprus.ee\/et\/#breadcrumb"},"inLanguage":"et","potentialAction":[{"@type":"ReadAction","target":["https:\/\/pikemsoprus.ee\/et\/"]}]},{"@type":"ImageObject","inLanguage":"et","@id":"https:\/\/pikemsoprus.ee\/et\/#primaryimage","url":"https:\/\/pikemsoprus.ee\/wp-content\/uploads\/2024\/10\/1080x1080.png","contentUrl":"https:\/\/pikemsoprus.ee\/wp-content\/uploads\/2024\/10\/1080x1080.png","width":1080,"height":1080},{"@type":"BreadcrumbList","@id":"https:\/\/pikemsoprus.ee\/et\/#breadcrumb","itemListElement":[{"@type":"ListItem","position":1,"name":"Home","item":"https:\/\/pikemsoprus.ee\/et\/"},{"@type":"ListItem","position":2,"name":"Esileht"}]},{"@type":"WebSite","@id":"https:\/\/pikemsoprus.ee\/et\/#website","url":"https:\/\/pikemsoprus.ee\/et\/","name":"Pikema S\u00f5pruse P\u00e4ev","description":"Hoolime meeste tervisest!","publisher":{"@id":"https:\/\/pikemsoprus.ee\/et\/#organization"},"potentialAction":[{"@type":"SearchAction","target":{"@type":"EntryPoint","urlTemplate":"https:\/\/pikemsoprus.ee\/et\/?s={search_term_string}"},"query-input":{"@type":"PropertyValueSpecification","valueRequired":true,"valueName":"search_term_string"}}],"inLanguage":"et"},{"@type":"Organization","@id":"https:\/\/pikemsoprus.ee\/et\/#organization","name":"Pikema S\u00f5pruse P\u00e4ev","url":"https:\/\/pikemsoprus.ee\/et\/","logo":{"@type":"ImageObject","inLanguage":"et","@id":"https:\/\/pikemsoprus.ee\/et\/#\/schema\/logo\/image\/","url":"https:\/\/pikemsoprus.ee\/wp-content\/uploads\/2024\/10\/Pikema_Sopruse_Paev_logo.svg","contentUrl":"https:\/\/pikemsoprus.ee\/wp-content\/uploads\/2024\/10\/Pikema_Sopruse_Paev_logo.svg","width":768,"height":768,"caption":"Pikema S\u00f5pruse P\u00e4ev"},"image":{"@id":"https:\/\/pikemsoprus.ee\/et\/#\/schema\/logo\/image\/"},"sameAs":["https:\/\/www.facebook.com\/pikemsoprus\/","https:\/\/www.instagram.com\/pikemsoprus\/"]}]}},"_links":{"self":[{"href":"https:\/\/pikemsoprus.ee\/et\/wp-json\/wp\/v2\/pages\/12","targetHints":{"allow":["GET"]}}],"collection":[{"href":"https:\/\/pikemsoprus.ee\/et\/wp-json\/wp\/v2\/pages"}],"about":[{"href":"https:\/\/pikemsoprus.ee\/et\/wp-json\/wp\/v2\/types\/page"}],"author":[{"embeddable":true,"href":"https:\/\/pikemsoprus.ee\/et\/wp-json\/wp\/v2\/users\/446"}],"replies":[{"embeddable":true,"href":"https:\/\/pikemsoprus.ee\/et\/wp-json\/wp\/v2\/comments?post=12"}],"version-history":[{"count":5,"href":"https:\/\/pikemsoprus.ee\/et\/wp-json\/wp\/v2\/pages\/12\/revisions"}],"predecessor-version":[{"id":2037,"href":"https:\/\/pikemsoprus.ee\/et\/wp-json\/wp\/v2\/pages\/12\/revisions\/2037"}],"wp:featuredmedia":[{"embeddable":true,"href":"https:\/\/pikemsoprus.ee\/et\/wp-json\/wp\/v2\/media\/1972"}],"wp:attachment":[{"href":"https:\/\/pikemsoprus.ee\/et\/wp-json\/wp\/v2\/media?parent=12"}],"curies":[{"name":"wp","href":"https:\/\/api.w.org\/{rel}","templated":true}]}}