{"id":247,"date":"2019-11-04T12:33:15","date_gmt":"2019-11-04T09:33:15","guid":{"rendered":"https:\/\/pikemsoprus.ee\/?page_id=247"},"modified":"2025-11-04T14:04:16","modified_gmt":"2025-11-04T11:04:16","slug":"tervisekontroll","status":"publish","type":"page","link":"https:\/\/pikemsoprus.ee\/et\/tervisekontroll\/","title":{"rendered":"Tervisekontroll"},"content":{"rendered":"<p>Regulaarne tervisekontroll on \u00fcheks eelduseks, et elaksid tervema ja pikema elu. Kahjuks ei j\u00f5ua paljud mehed erinevatel p\u00f5hjustel arsti juurde v\u00f5i j\u00f5uavad sinna liiga hilja.<\/p>\n<p>Pikema S\u00f5pruse P\u00e4eva eesm\u00e4rk on panna mehi rohkem hoolima enda ja oma s\u00f5prade tervisest. Selleks on meeste- ja laboriarstide poolt kokku pandud vereproovil ja verer\u00f5hu m\u00f5\u00f5tmisel p\u00f5hinevad tervisekontrolli paketid, mis annavad \u00fclevaate mehe olulisematest tervisen\u00e4itajatest. Need keskenduvad kuni 35 ja 35+ mehele vanuse j\u00e4rgi olulistele veren\u00e4itajatele.<\/p>\n<p>T\u00e4pselt samasuguseid pakette v\u00f5id teha Sulle mugavas kohas novembris Confidos, Medicumis, Melivas v\u00f5i SYNLABis.<\/p>\n<p>Anal\u00fc\u00fcside andmisele eelnevalt <strong>ei ole<\/strong> vaja olla 10-14 tundi s\u00f6\u00f6mata-joomata, soovituslik vahe vereandmise ja eine vahel v\u00f5iks olla v\u00e4hemalt 2-3 tundi. Enne vereproovi v\u00f5tmist m\u00f5\u00f5dab verev\u00f5tja Sinu verer\u00f5hu, seej\u00e4rel v\u00f5etakse veeniverd. J\u00e4lgi vaid, kas asutusse peab eelnevalt verev\u00f5tuks aja broneerima v\u00f5i mitte.<\/p>\n<p>Anal\u00fc\u00fcside tulemused koos laboriarstide \u00fcldiste kommentaaridega saad hiljemalt 3 t\u00f6\u00f6p\u00e4eva jooksul vastavalt soovile kas patsiendiportaali, e-maili kr\u00fcpteeritult v\u00f5i paberkujul. Samuti saadetakse anal\u00fc\u00fcside vastused koos kommentaaridega <a href=\"https:\/\/www.terviseportaal.ee\/\">Terviseportaali<\/a>, kust need on k\u00e4ttesaadavad ka k\u00f5igile tervishoiut\u00f6\u00f6tajatele, kellega soovid oma terviseandmeid jagada.<\/p>\n<p>Oma tervisetulemuste teadmine v\u00f5imaldab teadvustada terviseriske ja j\u00e4lgida nende muutumist ajas. Terviseriskide v\u00e4hendamiseks on soovitatav hoiduda suitsetamisest, toituda tervislikult, aktiivselt liikuda, hoida kehakaal ja verer\u00f5hk normis.<\/p>\n<p>Anal\u00fc\u00fcside tulemuste t\u00f5lgendamine v\u00f5ib vajada meestearsti\/uroloogi\/kardioloogi abi. Kui Sul tekib k\u00fcsimusi teostatud anal\u00fc\u00fcside sisu kohta v\u00f5i kui esineb anal\u00fc\u00fcside tulemustes k\u00f5rvalekaldeid, millest t\u00e4pselt aru ei saa, soovitame broneerida aeg eriarstile.<\/p>\n<table style=\"height: 2543px;\" width=\"937\">\n<tbody>\n<tr>\n<td width=\"77\"><strong>Linn<\/strong><\/td>\n<td width=\"191\"><strong>Prooviv\u00f5tukoha nimi<\/strong><\/td>\n<td width=\"147\"><strong>Aadress<\/strong><\/td>\n<td width=\"144\"><strong>Lahtiolekuajad<\/strong><\/td>\n<td width=\"162\"><strong>Aja broneerimine vajalik<\/strong><\/td>\n<\/tr>\n<tr>\n<td width=\"77\">Tallinn<\/td>\n<td width=\"191\"><a href=\"https:\/\/www.confido.ee\/tervisepaketid\/tervisekontrolli-paketid\/mehe-tervis\/\">Confido Meditsiinikeskus<\/a><\/td>\n<td width=\"147\">Veerenni 51<\/td>\n<td width=\"144\">E-R 08.30-19.00<\/td>\n<td width=\"162\">Jah<\/td>\n<\/tr>\n<tr>\n<td width=\"77\">Tallinn<\/td>\n<td width=\"191\"><a href=\"https:\/\/www.confido.ee\/tervisepaketid\/tervisekontrolli-paketid\/mehe-tervis\/\">Confido Viru Keskuse kiirkliinik<\/a><\/td>\n<td width=\"147\">Viru v\u00e4ljak 4, IV korrus<\/td>\n<td width=\"144\">E-L 10.00-21.00<br \/>\nP 10.00-19.00<\/td>\n<td width=\"162\">Jah<\/td>\n<\/tr>\n<tr>\n<td width=\"77\">Tallinn<\/td>\n<td width=\"191\"><a href=\"https:\/\/www.confido.ee\/tervisepaketid\/tervisekontrolli-paketid\/mehe-tervis\/\">Confido Rocca Al Mare kiirkliinik<\/a><\/td>\n<td width=\"147\">Paldiski maantee 102<\/td>\n<td width=\"144\">E-R 8.00-20.00<br \/>\nL 10.00-20.00<br \/>\nP 10.00-19.00<\/td>\n<td width=\"162\">Jah<\/td>\n<\/tr>\n<tr>\n<td width=\"77\">Tallinn<\/td>\n<td width=\"191\"><a href=\"https:\/\/www.medicum.ee\/asukohad\/\">Medicum Kesklinn<\/a><\/td>\n<td width=\"147\">Liivalaia 53 (Stockmanni keskuse V korrus)<\/td>\n<td width=\"144\">E-R 08.30-16.30<\/td>\n<td width=\"162\">Ei<\/td>\n<\/tr>\n<tr>\n<td width=\"77\">Tallinn<\/td>\n<td width=\"191\"><a href=\"https:\/\/www.medicum.ee\/asukohad\/\">Medicum Lasnam\u00e4e<\/a><\/td>\n<td width=\"147\">Punane 61<\/td>\n<td width=\"144\">E-R 08.00-18.00<\/td>\n<td width=\"162\">Ei<\/td>\n<\/tr>\n<tr>\n<td width=\"77\">Tallinn<\/td>\n<td width=\"191\"><a href=\"https:\/\/meliva.ee\/kliinikud\/ravala-kliinik\">Meliva R\u00e4vala kliinik<\/a><\/td>\n<td width=\"147\">R\u00e4vala pst 5<\/td>\n<td width=\"144\">E-R 08.00-16.00<\/td>\n<td width=\"162\">Jah<\/td>\n<\/tr>\n<tr>\n<td width=\"77\">Tallinn<\/td>\n<td width=\"191\"><a href=\"https:\/\/meliva.ee\/kliinikud\/ulemiste-tervisemaja\">Meliva \u00dclemiste Tervisemaja kliinik<\/a><\/td>\n<td width=\"147\">Valukoja 7<\/td>\n<td width=\"144\">E-R 08.00-16.00<\/td>\n<td width=\"162\">Jah<\/td>\n<\/tr>\n<tr>\n<td width=\"77\">Tallinn<\/td>\n<td width=\"191\"><a href=\"https:\/\/meliva.ee\/kliinikud\/jalgpalli-kliinik\">Meliva Jalgpalli kliinik<\/a><\/td>\n<td width=\"147\">Jalgpalli 1 (P\u00e4rnu mnt 102C)<\/td>\n<td width=\"144\">E-R 08.00-16.00<\/td>\n<td width=\"162\">Jah<\/td>\n<\/tr>\n<tr>\n<td width=\"77\">Tallinn<\/td>\n<td width=\"191\"><a href=\"https:\/\/ee.minu.synlab.ee\/leia-proovivotupunkt\/\">SYNLAB Veerenni prooviv\u00f5tupunkt<\/a><\/td>\n<td width=\"147\">Veerenni 53a, VI korrus<\/td>\n<td width=\"144\">E-R 07.30-15.30<br \/>\nL 08.00-16.00<\/td>\n<td width=\"162\">Ei<\/td>\n<\/tr>\n<tr>\n<td width=\"77\">Tallinn<\/td>\n<td width=\"191\"><a href=\"https:\/\/ee.minu.synlab.ee\/leia-proovivotupunkt\/\">SYNLAB Kesklinna prooviv\u00f5tupunkt<\/a><\/td>\n<td width=\"147\">P\u00e4rnu mnt 15 (Kawe Plaza), I korrus<\/td>\n<td width=\"144\">E-R 08.00-16.00<br \/>\nL\u00f5una 12.00-12.30<\/td>\n<td width=\"162\">Ei<\/td>\n<\/tr>\n<tr>\n<td width=\"77\">Tallinn<\/td>\n<td width=\"191\"><a href=\"https:\/\/ee.minu.synlab.ee\/leia-proovivotupunkt\/\">SYNLAB \u00dclemiste I prooviv\u00f5tupunkt<\/a><\/td>\n<td width=\"147\">Valukoja 7\/2, II korrus<\/td>\n<td width=\"144\">E-R 08.00-16.00<br \/>\nL\u00f5una 12.00-12.30<\/td>\n<td width=\"162\">Ei<\/td>\n<\/tr>\n<tr>\n<td width=\"77\">Tallinn<\/td>\n<td width=\"191\"><a href=\"https:\/\/ee.minu.synlab.ee\/leia-proovivotupunkt\/\">SYNLAB \u00dclemiste II prooviv\u00f5tupunkt<\/a><\/td>\n<td width=\"147\">Sepapaja 12, III korrus<\/td>\n<td width=\"144\">E-R 08.00-16.00<br \/>\nL\u00f5una 12.30-13.00<\/td>\n<td width=\"162\">Ei<\/td>\n<\/tr>\n<tr>\n<td width=\"77\">Tallinn<\/td>\n<td width=\"191\"><a href=\"https:\/\/ee.minu.synlab.ee\/leia-proovivotupunkt\/\">SYNLAB Lasnam\u00e4e prooviv\u00f5tupunkt<\/a><\/td>\n<td width=\"147\">Linnam\u00e4e tee 3 (Lasnam\u00e4e Tervisemaja), II korrus<\/td>\n<td width=\"144\">E-R 08.00-16.00<br \/>\nL\u00f5una 12.00-12.30<\/td>\n<td width=\"162\">Ei<\/td>\n<\/tr>\n<tr>\n<td width=\"77\">Tallinn<\/td>\n<td width=\"191\"><a href=\"https:\/\/ee.minu.synlab.ee\/leia-proovivotupunkt\/\">SYNLAB Tammsaare tee prooviv\u00f5tupunkt<\/a><\/td>\n<td width=\"147\">Tammsaare tee 92 (mobiilne testimispunkt)<\/td>\n<td width=\"144\">E-R 07.30-15.30<br \/>\nL\u00f5una 12.00-12.45<\/td>\n<td width=\"162\">Jah<\/td>\n<\/tr>\n<tr>\n<td width=\"77\">Tallinn<\/td>\n<td width=\"191\"><a href=\"https:\/\/www.kliinikum.ee\/meestekliinik\/\">Tartu \u00dclikooli Kliinikumi Meestekliinik<\/a><\/td>\n<td width=\"147\">Gonsiori 3<\/td>\n<td width=\"144\">E-N 08.00-17.00<br \/>\nR 08.00-16.00<br \/>\nL\u00f5una 12.00-13.00<\/td>\n<td width=\"162\">Jah<\/td>\n<\/tr>\n<tr>\n<td width=\"77\">Tartu<\/td>\n<td width=\"191\"><a href=\"https:\/\/www.confido.ee\/tervisepaketid\/tervisekontrolli-paketid\/mehe-tervis\/\">Confido Raatuse kliinik<\/a><\/td>\n<td width=\"147\">Raatuse 21<\/td>\n<td width=\"144\">E-R 08-18.00<\/td>\n<td width=\"162\">Jah<\/td>\n<\/tr>\n<tr>\n<td width=\"77\">Tartu<\/td>\n<td width=\"191\"><a href=\"https:\/\/meliva.ee\/kliinikud\/tartu-kliinik-riia-tn\">Meliva Tartu kliinik<\/a><\/td>\n<td width=\"147\">Riia 2<\/td>\n<td width=\"144\">E-R 08.00-16.00<\/td>\n<td width=\"162\">Jah<\/td>\n<\/tr>\n<tr>\n<td width=\"77\">Tartu<\/td>\n<td width=\"191\"><a href=\"https:\/\/ee.minu.synlab.ee\/leia-proovivotupunkt\/\">SYNLAB Tasku prooviv\u00f5tupunkt<\/a><\/td>\n<td width=\"147\">Turu 2, IV korrus (Tasku Tervisekeskus)<\/td>\n<td width=\"144\">E-R 08.00-15.30<\/td>\n<td width=\"162\">Ei<\/td>\n<\/tr>\n<tr>\n<td width=\"77\">Tartu<\/td>\n<td width=\"191\"><a href=\"https:\/\/ee.minu.synlab.ee\/leia-proovivotupunkt\/\">SYNLAB Tartu Tervisekeskuse prooviv\u00f5tupunkt<\/a><\/td>\n<td width=\"147\">M\u00f5isavahe 34b, I korrus<\/td>\n<td width=\"144\">E-R 08.00-15.00<br \/>\nL\u00f5una 12.30-13.00<\/td>\n<td width=\"162\">Ei<\/td>\n<\/tr>\n<tr>\n<td width=\"77\">Tartu<\/td>\n<td width=\"191\"><a href=\"https:\/\/ee.minu.synlab.ee\/leia-proovivotupunkt\/\">SYNLAB Tartu Raatuse prooviv\u00f5tupunkt<\/a><\/td>\n<td width=\"147\">Raatuse 21, II korrus<\/td>\n<td width=\"144\">E-R 08.00-16.30<\/td>\n<td width=\"162\">Ei<\/td>\n<\/tr>\n<tr>\n<td width=\"77\">Tartu<\/td>\n<td width=\"191\"><a href=\"https:\/\/www.kliinikum.ee\/meestekliinik\/\">Tartu \u00dclikooli Kliinikumi Meestekliinik<\/a><\/td>\n<td width=\"147\">L. Puusepa 1a, II korrus<\/td>\n<td width=\"144\">E-R 08.00-17.00<\/td>\n<td width=\"162\">Jah<\/td>\n<\/tr>\n<tr>\n<td width=\"77\">Elva<\/td>\n<td width=\"191\"><a href=\"https:\/\/ee.minu.synlab.ee\/leia-proovivotupunkt\/\">SYNLAB Elva prooviv\u00f5tupunkt<\/a><\/td>\n<td width=\"147\">Supelranna 21, kabinet 112<\/td>\n<td width=\"144\">E-R 08.00-14.00<\/td>\n<td width=\"162\">Ei<\/td>\n<\/tr>\n<tr>\n<td width=\"77\">J\u00f5hvi<\/td>\n<td width=\"191\"><a href=\"https:\/\/ee.minu.synlab.ee\/leia-proovivotupunkt\/\">SYNLAB J\u00f5hvi prooviv\u00f5tupunkt<\/a><\/td>\n<td width=\"147\">Jaama 34, I korrus, kabinet 15<\/td>\n<td width=\"144\">E-R 08.00-13.00<\/td>\n<td width=\"162\">Ei<\/td>\n<\/tr>\n<tr>\n<td width=\"77\">Maardu<\/td>\n<td width=\"191\"><a href=\"https:\/\/ee.minu.synlab.ee\/leia-proovivotupunkt\/\">SYNLAB Maardu prooviv\u00f5tupunkt<\/a><\/td>\n<td width=\"147\">Kallasmaa 4<\/td>\n<td width=\"144\">E-R 08.00-15.00<br \/>\nL\u00f5una 12.00-12.30<\/td>\n<td width=\"162\">Ei<\/td>\n<\/tr>\n<tr>\n<td width=\"77\">Narva<\/td>\n<td width=\"191\"><a href=\"https:\/\/ee.minu.synlab.ee\/leia-proovivotupunkt\/\">SYNLAB Narva prooviv\u00f5tupunkt<\/a><\/td>\n<td width=\"147\">Fama 10\/3, kabinet 14<\/td>\n<td width=\"144\">E-R 07.30-12.00<\/td>\n<td width=\"162\">Ei<\/td>\n<\/tr>\n<tr>\n<td width=\"77\">Narva<\/td>\n<td width=\"191\"><a href=\"https:\/\/www.kliinikum.ee\/meestekliinik\/\">Tartu \u00dclikooli Kliinikumi Meestekliinik<\/a><\/td>\n<td width=\"147\">Linda 2, III korrus<\/td>\n<td width=\"144\">Vastavalt graafikule<\/td>\n<td width=\"162\">Jah<\/td>\n<\/tr>\n<tr>\n<td width=\"77\">P\u00e4rnu<\/td>\n<td width=\"191\"><a href=\"https:\/\/ee.minu.synlab.ee\/leia-proovivotupunkt\/\">SYNLAB Tervis SPA prooviv\u00f5tupunkt<\/a><\/td>\n<td width=\"147\">Seedri 6 (Tervis SPA), kabinet 202<\/td>\n<td width=\"144\">E-N 08.00-15.00<br \/>\nR 08.00-13.00<\/td>\n<td width=\"162\">Ei<\/td>\n<\/tr>\n<tr>\n<td width=\"77\">P\u00e4rnu<\/td>\n<td width=\"191\"><a href=\"https:\/\/ee.minu.synlab.ee\/leia-proovivotupunkt\/\">SYNLAB Suur-Sepa prooviv\u00f5tupunkt<\/a><\/td>\n<td width=\"147\">Suur-Sepa 14, kabinet 102<\/td>\n<td width=\"144\">E-N 08.00-16.00<br \/>\nL\u00f5una 12.30-13.00<br \/>\nR 08.00-14.00<br \/>\nL\u00f5una 12.30-13.00<\/td>\n<td width=\"162\">Ei<\/td>\n<\/tr>\n<tr>\n<td width=\"77\">P\u00e4rnu<\/td>\n<td width=\"191\"><a href=\"https:\/\/www.kliinikum.ee\/meestekliinik\/\">Tartu \u00dclikooli Kliinikumi Meestekliinik<\/a><\/td>\n<td width=\"147\">Seedri 6, II korrus, kabinet 200<\/td>\n<td width=\"144\">Vastavalt graafikule<\/td>\n<td width=\"162\">Jah<\/td>\n<\/tr>\n<tr>\n<td width=\"77\">P\u00f5ltsamaa<\/td>\n<td width=\"191\"><a href=\"https:\/\/ee.minu.synlab.ee\/leia-proovivotupunkt\/\">SYNLAB P\u00f5ltsamaa prooviv\u00f5tupunkt<\/a><\/td>\n<td width=\"147\">Lossi 49<\/td>\n<td width=\"144\">E-N 08.00-15.00<br \/>\nL\u00f5una 12.00-12.30<br \/>\nR 08.00-12.00<\/td>\n<td width=\"162\">Ei<\/td>\n<\/tr>\n<tr>\n<td width=\"77\">Sillam\u00e4e<\/td>\n<td width=\"191\"><a href=\"https:\/\/ee.minu.synlab.ee\/leia-proovivotupunkt\/\">SYNLAB Sillam\u00e4e prooviv\u00f5tupunkt<\/a><\/td>\n<td width=\"147\">Kajaka 9, IV korrus, kabinet 404<\/td>\n<td width=\"144\">E-R 08.00-11.30<\/td>\n<td width=\"162\">Ei<\/td>\n<\/tr>\n<tr>\n<td width=\"77\">Viimsi<\/td>\n<td width=\"191\"><a href=\"https:\/\/ee.minu.synlab.ee\/leia-proovivotupunkt\/\">SYNLAB Viimsi prooviv\u00f5tupunkt<\/a><\/td>\n<td width=\"147\">Ravi tee 4, I korrus<\/td>\n<td width=\"144\">E-R 07.30-15.30<br \/>\nL\u00f5una 12.30-13.00<\/td>\n<td width=\"162\">Ei<\/td>\n<\/tr>\n<tr>\n<td width=\"77\">Viljandi<\/td>\n<td width=\"191\"><a href=\"https:\/\/ee.minu.synlab.ee\/leia-proovivotupunkt\/\">SYNLAB Viljandi prooviv\u00f5tupunkt<\/a><\/td>\n<td width=\"147\">Turu 8\/10, II korrus, kabinet 216[AJ1]<\/td>\n<td width=\"144\">E-N 08.00-14.00<br \/>\nR 8.00-12.00<\/td>\n<td width=\"162\">Ei<\/td>\n<\/tr>\n<tr>\n<td width=\"77\">V\u00f5ru<\/td>\n<td width=\"191\"><a href=\"https:\/\/ee.minu.synlab.ee\/leia-proovivotupunkt\/\">SYNLAB V\u00f5ru prooviv\u00f5tupunkt<\/a><\/td>\n<td width=\"147\">Tartu 9<\/td>\n<td width=\"144\">E-N 08.00-15.30<br \/>\nR 08.00-13.00<\/td>\n<td width=\"162\">Ei<\/td>\n<\/tr>\n<\/tbody>\n<\/table>\n","protected":false},"excerpt":{"rendered":"<p>Regulaarne tervisekontroll on \u00fcheks eelduseks, et elaksid tervema ja pikema elu. Kahjuks ei j\u00f5ua paljud mehed erinevatel p\u00f5hjustel arsti juurde v\u00f5i j\u00f5uavad sinna liiga hilja. Pikema S\u00f5pruse P\u00e4eva eesm\u00e4rk on panna mehi rohkem hoolima enda ja oma s\u00f5prade tervisest. Selleks on meeste- ja laboriarstide poolt kokku pandud vereproovil ja verer\u00f5hu m\u00f5\u00f5tmisel p\u00f5hinevad tervisekontrolli paketid, mis [&hellip;]<\/p>\n","protected":false},"author":446,"featured_media":1981,"parent":0,"menu_order":0,"comment_status":"closed","ping_status":"closed","template":"templates\/health-check-for-men.php","meta":{"_acf_changed":false,"footnotes":""},"class_list":["post-247","page","type-page","status-publish","has-post-thumbnail","hentry"],"acf":[],"yoast_head":"<!-- This site is optimized with the Yoast SEO plugin v27.3 - https:\/\/yoast.com\/product\/yoast-seo-wordpress\/ -->\n<title>Tervisekontroll - Pikema S\u00f5pruse P\u00e4ev<\/title>\n<meta name=\"robots\" content=\"index, follow, max-snippet:-1, max-image-preview:large, max-video-preview:-1\" \/>\n<link rel=\"canonical\" href=\"https:\/\/pikemsoprus.ee\/et\/tervisekontroll\/\" \/>\n<meta property=\"og:locale\" content=\"et_EE\" \/>\n<meta property=\"og:type\" content=\"article\" \/>\n<meta property=\"og:title\" content=\"Tervisekontroll - Pikema S\u00f5pruse P\u00e4ev\" \/>\n<meta property=\"og:description\" content=\"Regulaarne tervisekontroll on \u00fcheks eelduseks, et elaksid tervema ja pikema elu. Kahjuks ei j\u00f5ua paljud mehed erinevatel p\u00f5hjustel arsti juurde v\u00f5i j\u00f5uavad sinna liiga hilja. Pikema S\u00f5pruse P\u00e4eva eesm\u00e4rk on panna mehi rohkem hoolima enda ja oma s\u00f5prade tervisest. Selleks on meeste- ja laboriarstide poolt kokku pandud vereproovil ja verer\u00f5hu m\u00f5\u00f5tmisel p\u00f5hinevad tervisekontrolli paketid, mis [&hellip;]\" \/>\n<meta property=\"og:url\" content=\"https:\/\/pikemsoprus.ee\/et\/tervisekontroll\/\" \/>\n<meta property=\"og:site_name\" content=\"Pikema S\u00f5pruse P\u00e4ev\" \/>\n<meta property=\"article:publisher\" content=\"https:\/\/www.facebook.com\/pikemsoprus\/\" \/>\n<meta property=\"article:modified_time\" content=\"2025-11-04T11:04:16+00:00\" \/>\n<meta property=\"og:image\" content=\"https:\/\/pikemsoprus.ee\/wp-content\/uploads\/2024\/10\/1200x630.jpg\" \/>\n\t<meta property=\"og:image:width\" content=\"1200\" \/>\n\t<meta property=\"og:image:height\" content=\"630\" \/>\n\t<meta property=\"og:image:type\" content=\"image\/jpeg\" \/>\n<meta name=\"twitter:card\" content=\"summary_large_image\" \/>\n<meta name=\"twitter:label1\" content=\"Est. reading time\" \/>\n\t<meta name=\"twitter:data1\" content=\"4 minutit\" \/>\n<script type=\"application\/ld+json\" class=\"yoast-schema-graph\">{\"@context\":\"https:\\\/\\\/schema.org\",\"@graph\":[{\"@type\":\"WebPage\",\"@id\":\"https:\\\/\\\/pikemsoprus.ee\\\/et\\\/tervisekontroll\\\/\",\"url\":\"https:\\\/\\\/pikemsoprus.ee\\\/et\\\/tervisekontroll\\\/\",\"name\":\"Tervisekontroll - Pikema S\u00f5pruse P\u00e4ev\",\"isPartOf\":{\"@id\":\"https:\\\/\\\/pikemsoprus.ee\\\/et\\\/#website\"},\"primaryImageOfPage\":{\"@id\":\"https:\\\/\\\/pikemsoprus.ee\\\/et\\\/tervisekontroll\\\/#primaryimage\"},\"image\":{\"@id\":\"https:\\\/\\\/pikemsoprus.ee\\\/et\\\/tervisekontroll\\\/#primaryimage\"},\"thumbnailUrl\":\"https:\\\/\\\/pikemsoprus.ee\\\/wp-content\\\/uploads\\\/2024\\\/10\\\/1200x630.jpg\",\"datePublished\":\"2019-11-04T09:33:15+00:00\",\"dateModified\":\"2025-11-04T11:04:16+00:00\",\"breadcrumb\":{\"@id\":\"https:\\\/\\\/pikemsoprus.ee\\\/et\\\/tervisekontroll\\\/#breadcrumb\"},\"inLanguage\":\"et\",\"potentialAction\":[{\"@type\":\"ReadAction\",\"target\":[\"https:\\\/\\\/pikemsoprus.ee\\\/et\\\/tervisekontroll\\\/\"]}]},{\"@type\":\"ImageObject\",\"inLanguage\":\"et\",\"@id\":\"https:\\\/\\\/pikemsoprus.ee\\\/et\\\/tervisekontroll\\\/#primaryimage\",\"url\":\"https:\\\/\\\/pikemsoprus.ee\\\/wp-content\\\/uploads\\\/2024\\\/10\\\/1200x630.jpg\",\"contentUrl\":\"https:\\\/\\\/pikemsoprus.ee\\\/wp-content\\\/uploads\\\/2024\\\/10\\\/1200x630.jpg\",\"width\":1200,\"height\":630},{\"@type\":\"BreadcrumbList\",\"@id\":\"https:\\\/\\\/pikemsoprus.ee\\\/et\\\/tervisekontroll\\\/#breadcrumb\",\"itemListElement\":[{\"@type\":\"ListItem\",\"position\":1,\"name\":\"Home\",\"item\":\"https:\\\/\\\/pikemsoprus.ee\\\/et\\\/\"},{\"@type\":\"ListItem\",\"position\":2,\"name\":\"Tervisekontroll\"}]},{\"@type\":\"WebSite\",\"@id\":\"https:\\\/\\\/pikemsoprus.ee\\\/et\\\/#website\",\"url\":\"https:\\\/\\\/pikemsoprus.ee\\\/et\\\/\",\"name\":\"Pikema S\u00f5pruse P\u00e4ev\",\"description\":\"Hoolime meeste tervisest!\",\"publisher\":{\"@id\":\"https:\\\/\\\/pikemsoprus.ee\\\/et\\\/#organization\"},\"potentialAction\":[{\"@type\":\"SearchAction\",\"target\":{\"@type\":\"EntryPoint\",\"urlTemplate\":\"https:\\\/\\\/pikemsoprus.ee\\\/et\\\/?s={search_term_string}\"},\"query-input\":{\"@type\":\"PropertyValueSpecification\",\"valueRequired\":true,\"valueName\":\"search_term_string\"}}],\"inLanguage\":\"et\"},{\"@type\":\"Organization\",\"@id\":\"https:\\\/\\\/pikemsoprus.ee\\\/et\\\/#organization\",\"name\":\"Pikema S\u00f5pruse P\u00e4ev\",\"url\":\"https:\\\/\\\/pikemsoprus.ee\\\/et\\\/\",\"logo\":{\"@type\":\"ImageObject\",\"inLanguage\":\"et\",\"@id\":\"https:\\\/\\\/pikemsoprus.ee\\\/et\\\/#\\\/schema\\\/logo\\\/image\\\/\",\"url\":\"https:\\\/\\\/pikemsoprus.ee\\\/wp-content\\\/uploads\\\/2024\\\/10\\\/Pikema_Sopruse_Paev_logo.svg\",\"contentUrl\":\"https:\\\/\\\/pikemsoprus.ee\\\/wp-content\\\/uploads\\\/2024\\\/10\\\/Pikema_Sopruse_Paev_logo.svg\",\"width\":768,\"height\":768,\"caption\":\"Pikema S\u00f5pruse P\u00e4ev\"},\"image\":{\"@id\":\"https:\\\/\\\/pikemsoprus.ee\\\/et\\\/#\\\/schema\\\/logo\\\/image\\\/\"},\"sameAs\":[\"https:\\\/\\\/www.facebook.com\\\/pikemsoprus\\\/\",\"https:\\\/\\\/www.instagram.com\\\/pikemsoprus\\\/\"]}]}<\/script>\n<!-- \/ Yoast SEO plugin. -->","yoast_head_json":{"title":"Tervisekontroll - Pikema S\u00f5pruse P\u00e4ev","robots":{"index":"index","follow":"follow","max-snippet":"max-snippet:-1","max-image-preview":"max-image-preview:large","max-video-preview":"max-video-preview:-1"},"canonical":"https:\/\/pikemsoprus.ee\/et\/tervisekontroll\/","og_locale":"et_EE","og_type":"article","og_title":"Tervisekontroll - Pikema S\u00f5pruse P\u00e4ev","og_description":"Regulaarne tervisekontroll on \u00fcheks eelduseks, et elaksid tervema ja pikema elu. Kahjuks ei j\u00f5ua paljud mehed erinevatel p\u00f5hjustel arsti juurde v\u00f5i j\u00f5uavad sinna liiga hilja. Pikema S\u00f5pruse P\u00e4eva eesm\u00e4rk on panna mehi rohkem hoolima enda ja oma s\u00f5prade tervisest. Selleks on meeste- ja laboriarstide poolt kokku pandud vereproovil ja verer\u00f5hu m\u00f5\u00f5tmisel p\u00f5hinevad tervisekontrolli paketid, mis [&hellip;]","og_url":"https:\/\/pikemsoprus.ee\/et\/tervisekontroll\/","og_site_name":"Pikema S\u00f5pruse P\u00e4ev","article_publisher":"https:\/\/www.facebook.com\/pikemsoprus\/","article_modified_time":"2025-11-04T11:04:16+00:00","og_image":[{"width":1200,"height":630,"url":"https:\/\/pikemsoprus.ee\/wp-content\/uploads\/2024\/10\/1200x630.jpg","type":"image\/jpeg"}],"twitter_card":"summary_large_image","twitter_misc":{"Est. reading time":"4 minutit"},"schema":{"@context":"https:\/\/schema.org","@graph":[{"@type":"WebPage","@id":"https:\/\/pikemsoprus.ee\/et\/tervisekontroll\/","url":"https:\/\/pikemsoprus.ee\/et\/tervisekontroll\/","name":"Tervisekontroll - Pikema S\u00f5pruse P\u00e4ev","isPartOf":{"@id":"https:\/\/pikemsoprus.ee\/et\/#website"},"primaryImageOfPage":{"@id":"https:\/\/pikemsoprus.ee\/et\/tervisekontroll\/#primaryimage"},"image":{"@id":"https:\/\/pikemsoprus.ee\/et\/tervisekontroll\/#primaryimage"},"thumbnailUrl":"https:\/\/pikemsoprus.ee\/wp-content\/uploads\/2024\/10\/1200x630.jpg","datePublished":"2019-11-04T09:33:15+00:00","dateModified":"2025-11-04T11:04:16+00:00","breadcrumb":{"@id":"https:\/\/pikemsoprus.ee\/et\/tervisekontroll\/#breadcrumb"},"inLanguage":"et","potentialAction":[{"@type":"ReadAction","target":["https:\/\/pikemsoprus.ee\/et\/tervisekontroll\/"]}]},{"@type":"ImageObject","inLanguage":"et","@id":"https:\/\/pikemsoprus.ee\/et\/tervisekontroll\/#primaryimage","url":"https:\/\/pikemsoprus.ee\/wp-content\/uploads\/2024\/10\/1200x630.jpg","contentUrl":"https:\/\/pikemsoprus.ee\/wp-content\/uploads\/2024\/10\/1200x630.jpg","width":1200,"height":630},{"@type":"BreadcrumbList","@id":"https:\/\/pikemsoprus.ee\/et\/tervisekontroll\/#breadcrumb","itemListElement":[{"@type":"ListItem","position":1,"name":"Home","item":"https:\/\/pikemsoprus.ee\/et\/"},{"@type":"ListItem","position":2,"name":"Tervisekontroll"}]},{"@type":"WebSite","@id":"https:\/\/pikemsoprus.ee\/et\/#website","url":"https:\/\/pikemsoprus.ee\/et\/","name":"Pikema S\u00f5pruse P\u00e4ev","description":"Hoolime meeste tervisest!","publisher":{"@id":"https:\/\/pikemsoprus.ee\/et\/#organization"},"potentialAction":[{"@type":"SearchAction","target":{"@type":"EntryPoint","urlTemplate":"https:\/\/pikemsoprus.ee\/et\/?s={search_term_string}"},"query-input":{"@type":"PropertyValueSpecification","valueRequired":true,"valueName":"search_term_string"}}],"inLanguage":"et"},{"@type":"Organization","@id":"https:\/\/pikemsoprus.ee\/et\/#organization","name":"Pikema S\u00f5pruse P\u00e4ev","url":"https:\/\/pikemsoprus.ee\/et\/","logo":{"@type":"ImageObject","inLanguage":"et","@id":"https:\/\/pikemsoprus.ee\/et\/#\/schema\/logo\/image\/","url":"https:\/\/pikemsoprus.ee\/wp-content\/uploads\/2024\/10\/Pikema_Sopruse_Paev_logo.svg","contentUrl":"https:\/\/pikemsoprus.ee\/wp-content\/uploads\/2024\/10\/Pikema_Sopruse_Paev_logo.svg","width":768,"height":768,"caption":"Pikema S\u00f5pruse P\u00e4ev"},"image":{"@id":"https:\/\/pikemsoprus.ee\/et\/#\/schema\/logo\/image\/"},"sameAs":["https:\/\/www.facebook.com\/pikemsoprus\/","https:\/\/www.instagram.com\/pikemsoprus\/"]}]}},"_links":{"self":[{"href":"https:\/\/pikemsoprus.ee\/et\/wp-json\/wp\/v2\/pages\/247","targetHints":{"allow":["GET"]}}],"collection":[{"href":"https:\/\/pikemsoprus.ee\/et\/wp-json\/wp\/v2\/pages"}],"about":[{"href":"https:\/\/pikemsoprus.ee\/et\/wp-json\/wp\/v2\/types\/page"}],"author":[{"embeddable":true,"href":"https:\/\/pikemsoprus.ee\/et\/wp-json\/wp\/v2\/users\/446"}],"replies":[{"embeddable":true,"href":"https:\/\/pikemsoprus.ee\/et\/wp-json\/wp\/v2\/comments?post=247"}],"version-history":[{"count":5,"href":"https:\/\/pikemsoprus.ee\/et\/wp-json\/wp\/v2\/pages\/247\/revisions"}],"predecessor-version":[{"id":2042,"href":"https:\/\/pikemsoprus.ee\/et\/wp-json\/wp\/v2\/pages\/247\/revisions\/2042"}],"wp:featuredmedia":[{"embeddable":true,"href":"https:\/\/pikemsoprus.ee\/et\/wp-json\/wp\/v2\/media\/1981"}],"wp:attachment":[{"href":"https:\/\/pikemsoprus.ee\/et\/wp-json\/wp\/v2\/media?parent=247"}],"curies":[{"name":"wp","href":"https:\/\/api.w.org\/{rel}","templated":true}]}}